{"id":776,"date":"2024-12-21T13:02:34","date_gmt":"2024-12-21T12:02:34","guid":{"rendered":"https:\/\/nest-rest.cz\/?page_id=776"},"modified":"2025-01-23T21:48:39","modified_gmt":"2025-01-23T20:48:39","slug":"wellness","status":"publish","type":"page","link":"https:\/\/nest-rest.cz\/cs\/wellness\/","title":{"rendered":"Wellness"},"content":{"rendered":"<p>[et_pb_section fb_built=&#8220;1&#8243; disabled_on=&#8220;off|off|off&#8220; _builder_version=&#8220;4.27.4&#8243; _module_preset=&#8220;default&#8220; module_alignment=&#8220;center&#8220; custom_padding=&#8220;||||false|false&#8220; global_colors_info=&#8220;{}&#8220;][et_pb_row _builder_version=&#8220;4.27.4&#8243; _module_preset=&#8220;default&#8220; width_tablet=&#8220;&#8220; width_phone=&#8220;90%&#8220; width_last_edited=&#8220;on|phone&#8220; global_colors_info=&#8220;{}&#8220; width__hover_enabled=&#8220;off|desktop&#8220;][et_pb_column type=&#8220;4_4&#8243; _builder_version=&#8220;4.27.4&#8243; _module_preset=&#8220;default&#8220; global_colors_info=&#8220;{}&#8220;][et_pb_image src=&#8220;https:\/\/nest-rest.cz\/wp-content\/uploads\/2024\/12\/NestRest_Wellness-1-1.jpg&#8220; title_text=&#8220;NestRest_Wellness 1-1&#8243; _builder_version=&#8220;4.27.4&#8243; _module_preset=&#8220;default&#8220; custom_margin=&#8220;||||false|false&#8220; border_radii=&#8220;on|12px|12px|12px|12px&#8220; global_colors_info=&#8220;{}&#8220;][\/et_pb_image][\/et_pb_column][\/et_pb_row][et_pb_row _builder_version=&#8220;4.27.4&#8243; _module_preset=&#8220;default&#8220; width_tablet=&#8220;&#8220; width_phone=&#8220;90%&#8220; width_last_edited=&#8220;on|phone&#8220; custom_padding=&#8220;||||false|false&#8220; global_colors_info=&#8220;{}&#8220;][et_pb_column type=&#8220;4_4&#8243; _builder_version=&#8220;4.27.4&#8243; _module_preset=&#8220;default&#8220; global_colors_info=&#8220;{}&#8220;][et_pb_text _builder_version=&#8220;4.27.4&#8243; _module_preset=&#8220;default&#8220; header_font=&#8220;|800||on|||||&#8220; header_text_align=&#8220;left&#8220; header_text_color=&#8220;#0B3D24&#8243; header_font_size=&#8220;2em&#8220; header_letter_spacing=&#8220;2px&#8220; global_colors_info=&#8220;{}&#8220;]<\/p>\n<h1>Wellness<\/h1>\n<p>[\/et_pb_text][et_pb_text _builder_version=&#8220;4.27.4&#8243; _module_preset=&#8220;default&#8220; text_orientation=&#8220;left&#8220; global_colors_info=&#8220;{}&#8220;]<\/p>\n<p>Odpo\u010di\u0148te si v soukrom\u00e9m wellness prostoru na kraji lesa, kde m\u016f\u017eete rozj\u00edmat pohled na Je\u0161t\u011bd, louku i les. Zah\u0159ejte se v sudov\u00e9 saun\u011b vyt\u00e1p\u011bn\u00e9 d\u0159evem, \u010di se pono\u0159te do hork\u00e9 vany s \u010distou pramenitou vodou z hor p\u0159ipravenou pouze pro v\u00e1s. Obklopte se klidem a teplem a na\u010derpejte novou energii. Vychutnejte si nezapomenuteln\u00e9 chv\u00edle s v\u00fdhledem na \u0161ir\u00e9 nebe a nechte se un\u00e1\u0161et tichem p\u0159\u00edrody.<\/p>\n<p>[\/et_pb_text][\/et_pb_column][\/et_pb_row][et_pb_row column_structure=&#8220;1_2,1_2&#8243; use_custom_gutter=&#8220;on&#8220; gutter_width=&#8220;2&#8243; _builder_version=&#8220;4.27.4&#8243; _module_preset=&#8220;default&#8220; width_tablet=&#8220;&#8220; width_phone=&#8220;90%&#8220; width_last_edited=&#8220;on|phone&#8220; custom_margin=&#8220;||||false|false&#8220; custom_padding=&#8220;||||false|false&#8220; global_colors_info=&#8220;{}&#8220;][et_pb_column type=&#8220;1_2&#8243; _builder_version=&#8220;4.27.4&#8243; _module_preset=&#8220;default&#8220; global_colors_info=&#8220;{}&#8220;][et_pb_toggle title=&#8220;Sauna&#8220; open=&#8220;on&#8220; open_toggle_text_color=&#8220;#000000&#8243; open_toggle_background_color=&#8220;RGBA(255,255,255,0)&#8220; closed_toggle_background_color=&#8220;RGBA(255,255,255,0)&#8220; icon_color=&#8220;RGBA(255,255,255,0)&#8220; toggle_icon=&#8220;&#xf500;||fa||900&#8243; open_icon_color=&#8220;RGBA(255,255,255,0)&#8220; open_toggle_icon=&#8220;&#xf500;||fa||900&#8243; open_use_icon_font_size=&#8220;on&#8220; open_icon_font_size=&#8220;30px&#8220; _builder_version=&#8220;4.27.4&#8243; _module_preset=&#8220;default&#8220; title_text_color=&#8220;#000000&#8243; title_level=&#8220;h2&#8243; title_font=&#8220;|700||on|||||&#8220; title_font_size=&#8220;1.6em&#8220; text_orientation=&#8220;left&#8220; custom_margin=&#8220;||6%||false|false&#8220; custom_padding=&#8220;6%|8%|6%|8%|true|true&#8220; border_radii=&#8220;on|12px|12px|12px|12px&#8220; global_colors_info=&#8220;{}&#8220;]<\/p>\n<p>Vyh\u0159\u00e1t\u00e1 sudov\u00e1 sauna s panoramatick\u00fdm sklem a v\u00fdhledem do zahrady v\u00e1s zve kdykoliv od r\u00e1na a\u017e do ve\u010dera, sta\u010d\u00ed si u\u017e\u00edt nasek\u00e1n\u00ed t\u0159\u00edsek a do hodiny jste v teple:-) Pak u\u017e sta\u010d\u00ed jen p\u0159ikl\u00e1dat d\u0159evo a nechat se un\u00e1\u0161et jeho v\u016fn\u00ed a h\u0159ejiv\u00fdm teplem.<\/p>\n<p>Dejte v\u011bd\u011bt dop\u0159edu, jak si p\u0159ejete saunit, abychom v\u00e1m zajistili priv\u00e1tn\u00ed \u010das. Pi\u0161te ohledn\u011b term\u00ednu sms \u010di nejl\u00e9pe na WhatsApp <strong>+420731109137<\/strong>.<\/p>\n<p>&nbsp;<\/p>\n<h4>600 K\u010d \/ pobyt<\/h4>\n<p>[\/et_pb_toggle][et_pb_image src=&#8220;https:\/\/nest-rest.cz\/wp-content\/uploads\/2025\/01\/NestRest_hot-tub-1.jpg&#8220; title_text=&#8220;NestRest_hot tub-1&#8243; disabled_on=&#8220;on|off|off&#8220; _builder_version=&#8220;4.27.4&#8243; _module_preset=&#8220;default&#8220; hover_enabled=&#8220;0&#8243; border_radii=&#8220;on|12px|12px|12px|12px&#8220; global_colors_info=&#8220;{}&#8220; sticky_enabled=&#8220;0&#8243;][\/et_pb_image][\/et_pb_column][et_pb_column type=&#8220;1_2&#8243; _builder_version=&#8220;4.27.4&#8243; _module_preset=&#8220;default&#8220; global_colors_info=&#8220;{}&#8220;][et_pb_image src=&#8220;https:\/\/nest-rest.cz\/wp-content\/uploads\/2024\/12\/NestRest_wellness-1.jpg&#8220; title_text=&#8220;NestRest_wellness-1&#8243; _builder_version=&#8220;4.27.4&#8243; _module_preset=&#8220;default&#8220; border_radii=&#8220;on|12px|12px|12px|12px&#8220; global_colors_info=&#8220;{}&#8220;][\/et_pb_image][et_pb_toggle title=&#8220;Hot tub&#8220; open=&#8220;on&#8220; open_toggle_text_color=&#8220;#000000&#8243; open_toggle_background_color=&#8220;RGBA(255,255,255,0)&#8220; closed_toggle_background_color=&#8220;RGBA(255,255,255,0)&#8220; icon_color=&#8220;RGBA(255,255,255,0)&#8220; toggle_icon=&#8220;&#xf500;||fa||900&#8243; open_icon_color=&#8220;RGBA(255,255,255,0)&#8220; open_toggle_icon=&#8220;&#xf500;||fa||900&#8243; open_use_icon_font_size=&#8220;on&#8220; open_icon_font_size=&#8220;30px&#8220; _builder_version=&#8220;4.27.4&#8243; _module_preset=&#8220;default&#8220; title_text_color=&#8220;#000000&#8243; title_level=&#8220;h2&#8243; title_font=&#8220;|700||on|||||&#8220; title_font_size=&#8220;1.6em&#8220; text_orientation=&#8220;left&#8220; custom_margin=&#8220;6%||6%||true|false&#8220; custom_padding=&#8220;6%|8%|6%|8%|true|true&#8220; border_radii=&#8220;on|12px|12px|12px|12px&#8220; global_colors_info=&#8220;{}&#8220;]<\/p>\n<p>Hot tub je hork\u00e1 l\u00e1ze\u0148 o 1200 l napln\u011bn\u00e1 \u010derstvou pramenitou vodou z hor jen pro v\u00e1s. Vyh\u0159\u00edvan\u00e1 d\u0159evem p\u0159in\u00e1\u0161\u00ed z\u00e1\u017eitek spojen\u00ed s p\u0159\u00edrodem a klidem v\u016fkol. Je to alchymie vody a ohn\u011b a v ka\u017ed\u00e9m po\u010das\u00ed jej\u00ed p\u0159\u00edprava trv\u00e1 r\u016fzn\u011b dlouho, v\u011bt\u0161inou n\u011bkolik hodin. Je to skute\u010dn\u00fd ritu\u00e1l.\u00a0 Vodu a prvn\u00ed plam\u00ednky pro v\u00e1s p\u0159iprav\u00edme my a pak je na v\u00e1s, jakou teplotu si p\u0159ejete udr\u017eovat po cel\u00e9 odpoledne a noc, kdy bude l\u00e1ze\u0148 pouze va\u0161e. Pono\u0159te se do hork\u00e9 vody, po\u010d\u00edtejte hv\u011bzdy \u010di se zaposlechn\u011bte do sov\u00edho houk\u00e1n\u00ed.<\/p>\n<p>Dejte n\u00e1m v\u011bd\u011bt, kdy byste si tento ritu\u00e1l p\u0159\u00e1li za\u017e\u00edt. Pi\u0161te ohledn\u011b term\u00ednu sms \u010di nejl\u00e9pe na WhatsApp <strong>+420731109137<\/strong>.<\/p>\n<p>&nbsp;<\/p>\n<h4>1 500 K\u010d \/ den<\/h4>\n<p>[\/et_pb_toggle][\/et_pb_column][\/et_pb_row][\/et_pb_section]<\/p>\n","protected":false},"excerpt":{"rendered":"<p>WellnessOdpo\u010di\u0148te si v soukrom\u00e9m wellness prostoru na kraji lesa, kde m\u016f\u017eete rozj\u00edmat pohled na Je\u0161t\u011bd, louku i les. Zah\u0159ejte se v sudov\u00e9 saun\u011b vyt\u00e1p\u011bn\u00e9 d\u0159evem, \u010di se pono\u0159te do hork\u00e9 vany s \u010distou pramenitou vodou z hor p\u0159ipravenou pouze pro v\u00e1s. Obklopte se klidem a teplem a na\u010derpejte novou energii. Vychutnejte si nezapomenuteln\u00e9 chv\u00edle s [&hellip;]<\/p>\n","protected":false},"author":1,"featured_media":0,"parent":0,"menu_order":0,"comment_status":"closed","ping_status":"closed","template":"","meta":{"_et_pb_use_builder":"on","_et_pb_old_content":"","_et_gb_content_width":"","footnotes":""},"class_list":["post-776","page","type-page","status-publish","hentry"],"_links":{"self":[{"href":"https:\/\/nest-rest.cz\/cs\/wp-json\/wp\/v2\/pages\/776","targetHints":{"allow":["GET"]}}],"collection":[{"href":"https:\/\/nest-rest.cz\/cs\/wp-json\/wp\/v2\/pages"}],"about":[{"href":"https:\/\/nest-rest.cz\/cs\/wp-json\/wp\/v2\/types\/page"}],"author":[{"embeddable":true,"href":"https:\/\/nest-rest.cz\/cs\/wp-json\/wp\/v2\/users\/1"}],"replies":[{"embeddable":true,"href":"https:\/\/nest-rest.cz\/cs\/wp-json\/wp\/v2\/comments?post=776"}],"version-history":[{"count":16,"href":"https:\/\/nest-rest.cz\/cs\/wp-json\/wp\/v2\/pages\/776\/revisions"}],"predecessor-version":[{"id":1450,"href":"https:\/\/nest-rest.cz\/cs\/wp-json\/wp\/v2\/pages\/776\/revisions\/1450"}],"wp:attachment":[{"href":"https:\/\/nest-rest.cz\/cs\/wp-json\/wp\/v2\/media?parent=776"}],"curies":[{"name":"wp","href":"https:\/\/api.w.org\/{rel}","templated":true}]}}